{"id":17307,"date":"2025-06-05T15:38:27","date_gmt":"2025-06-05T13:38:27","guid":{"rendered":"https:\/\/www.flachglas.ch\/?page_id=17307"},"modified":"2026-04-18T13:54:13","modified_gmt":"2026-04-18T11:54:13","slug":"telechargements-vetrodur-color","status":"publish","type":"page","link":"https:\/\/www.flachglas.ch\/fr\/service\/telechargements-vetrodur-color\/","title":{"rendered":"T\u00e9l\u00e9chargements vetroDur Color"},"content":{"rendered":"\t\t<div data-elementor-type=\"wp-page\" data-elementor-id=\"17307\" class=\"elementor elementor-17307 elementor-17306\" data-elementor-post-type=\"page\">\n\t\t\t\t<div class=\"elementor-element elementor-element-499637d1 animated-slow e-flex e-con-boxed elementor-invisible e-con e-parent\" data-id=\"499637d1\" data-element_type=\"container\" data-e-type=\"container\" data-settings=\"{&quot;background_background&quot;:&quot;classic&quot;,&quot;animation&quot;:&quot;fadeInDown&quot;}\">\n\t\t\t\t\t<div class=\"e-con-inner\">\n\t\t\t\t<div class=\"elementor-element elementor-element-5fde190f elementor-widget elementor-widget-heading\" data-id=\"5fde190f\" data-element_type=\"widget\" data-e-type=\"widget\" data-widget_type=\"heading.default\">\n\t\t\t\t<div class=\"elementor-widget-container\">\n\t\t\t\t\t<p class=\"elementor-heading-title elementor-size-default\">Informations et documents individuels \u00e0 t\u00e9l\u00e9charger<\/p>\t\t\t\t<\/div>\n\t\t\t\t<\/div>\n\t\t\t\t<div class=\"elementor-element elementor-element-39c73c1f elementor-widget elementor-widget-heading\" data-id=\"39c73c1f\" data-element_type=\"widget\" data-e-type=\"widget\" data-widget_type=\"heading.default\">\n\t\t\t\t<div class=\"elementor-widget-container\">\n\t\t\t\t\t<h1 class=\"elementor-heading-title elementor-size-default\">vetroDur Color<\/h1>\t\t\t\t<\/div>\n\t\t\t\t<\/div>\n\t\t\t\t<div class=\"elementor-element elementor-element-398a8579 elementor-widget elementor-widget-heading\" data-id=\"398a8579\" data-element_type=\"widget\" data-e-type=\"widget\" data-widget_type=\"heading.default\">\n\t\t\t\t<div class=\"elementor-widget-container\">\n\t\t\t\t\t<h3 class=\"elementor-heading-title elementor-size-default\">Vous trouverez ici tous les documents pertinents, des brochures sur les produits aux informations techniques et aux fiches techniques sur notre produit en verre vetroDur Color.<\/h3>\t\t\t\t<\/div>\n\t\t\t\t<\/div>\n\t\t\t\t\t<\/div>\n\t\t\t\t<\/div>\n\t\t<div class=\"elementor-element elementor-element-51e65034 e-flex e-con-boxed e-con e-parent\" data-id=\"51e65034\" data-element_type=\"container\" data-e-type=\"container\">\n\t\t\t\t\t<div class=\"e-con-inner\">\n\t\t<div class=\"elementor-element elementor-element-4180917e animated-slow e-flex e-con-boxed elementor-invisible e-con e-child\" data-id=\"4180917e\" data-element_type=\"container\" data-e-type=\"container\" data-settings=\"{&quot;animation&quot;:&quot;fadeIn&quot;}\">\n\t\t\t\t\t<div class=\"e-con-inner\">\n\t\t<section class=\"elementor-element elementor-element-ddeca35 e-con-full e-flex e-con e-child\" data-id=\"ddeca35\" data-element_type=\"container\" data-e-type=\"container\">\n\t\t<div class=\"elementor-element elementor-element-7246ba0 e-flex e-con-boxed e-con e-child\" data-id=\"7246ba0\" data-element_type=\"container\" data-e-type=\"container\">\n\t\t\t\t\t<div class=\"e-con-inner\">\n\t\t<div class=\"elementor-element elementor-element-6e86038 e-con-full e-flex e-con e-child\" data-id=\"6e86038\" data-element_type=\"container\" data-e-type=\"container\">\n\t\t\t\t<div class=\"elementor-element elementor-element-5e0de28 elementor-widget elementor-widget-heading\" data-id=\"5e0de28\" data-element_type=\"widget\" data-e-type=\"widget\" data-widget_type=\"heading.default\">\n\t\t\t\t<div class=\"elementor-widget-container\">\n\t\t\t\t\t<h4 class=\"elementor-heading-title elementor-size-default\">Brochure Conception avec du verre<\/h4>\t\t\t\t<\/div>\n\t\t\t\t<\/div>\n\t\t\t\t<div class=\"elementor-element elementor-element-361e080 elementor-icon-list--layout-traditional elementor-list-item-link-full_width elementor-widget elementor-widget-icon-list\" data-id=\"361e080\" data-element_type=\"widget\" data-e-type=\"widget\" data-widget_type=\"icon-list.default\">\n\t\t\t\t<div class=\"elementor-widget-container\">\n\t\t\t\t\t\t\t<ul class=\"elementor-icon-list-items\">\n\t\t\t\t\t\t\t<li class=\"elementor-icon-list-item\">\n\t\t\t\t\t\t\t\t\t\t\t<a href=\"https:\/\/www.flachglas.ch\/wp-content\/uploads\/2024\/05\/2024-03-Gestaltung-mit-Glas.pdf\" target=\"_blank\">\n\n\t\t\t\t\t\t\t\t\t\t\t\t<span class=\"elementor-icon-list-icon\">\n\t\t\t\t\t\t\t<svg aria-hidden=\"true\" class=\"e-font-icon-svg e-far-file-pdf\" viewBox=\"0 0 384 512\" xmlns=\"http:\/\/www.w3.org\/2000\/svg\"><path d=\"M369.9 97.9L286 14C277 5 264.8-.1 252.1-.1H48C21.5 0 0 21.5 0 48v416c0 26.5 21.5 48 48 48h288c26.5 0 48-21.5 48-48V131.9c0-12.7-5.1-25-14.1-34zM332.1 128H256V51.9l76.1 76.1zM48 464V48h160v104c0 13.3 10.7 24 24 24h104v288H48zm250.2-143.7c-12.2-12-47-8.7-64.4-6.5-17.2-10.5-28.7-25-36.8-46.3 3.9-16.1 10.1-40.6 5.4-56-4.2-26.2-37.8-23.6-42.6-5.9-4.4 16.1-.4 38.5 7 67.1-10 23.9-24.9 56-35.4 74.4-20 10.3-47 26.2-51 46.2-3.3 15.8 26 55.2 76.1-31.2 22.4-7.4 46.8-16.5 68.4-20.1 18.9 10.2 41 17 55.8 17 25.5 0 28-28.2 17.5-38.7zm-198.1 77.8c5.1-13.7 24.5-29.5 30.4-35-19 30.3-30.4 35.7-30.4 35zm81.6-190.6c7.4 0 6.7 32.1 1.8 40.8-4.4-13.9-4.3-40.8-1.8-40.8zm-24.4 136.6c9.7-16.9 18-37 24.7-54.7 8.3 15.1 18.9 27.2 30.1 35.5-20.8 4.3-38.9 13.1-54.8 19.2zm131.6-5s-5 6-37.3-7.8c35.1-2.6 40.9 5.4 37.3 7.8z\"><\/path><\/svg>\t\t\t\t\t\t<\/span>\n\t\t\t\t\t\t\t\t\t\t<span class=\"elementor-icon-list-text\">T\u00e9l\u00e9chargement<\/span>\n\t\t\t\t\t\t\t\t\t\t\t<\/a>\n\t\t\t\t\t\t\t\t\t<\/li>\n\t\t\t\t\t\t<\/ul>\n\t\t\t\t\t\t<\/div>\n\t\t\t\t<\/div>\n\t\t\t\t<\/div>\n\t\t<div class=\"elementor-element elementor-element-2686189 e-con-full e-flex e-con e-child\" data-id=\"2686189\" data-element_type=\"container\" data-e-type=\"container\">\n\t\t\t\t<div class=\"elementor-element elementor-element-e29e19e elementor-widget elementor-widget-heading\" data-id=\"e29e19e\" data-element_type=\"widget\" data-e-type=\"widget\" data-widget_type=\"heading.default\">\n\t\t\t\t<div class=\"elementor-widget-container\">\n\t\t\t\t\t<h4 class=\"elementor-heading-title elementor-size-default\">PI 032 : \u00c9valuation de la qualit\u00e9 visuelle de vetroDur Color<\/h4>\t\t\t\t<\/div>\n\t\t\t\t<\/div>\n\t\t\t\t<div class=\"elementor-element elementor-element-da9c743 elementor-icon-list--layout-traditional elementor-list-item-link-full_width elementor-widget elementor-widget-icon-list\" data-id=\"da9c743\" data-element_type=\"widget\" data-e-type=\"widget\" data-widget_type=\"icon-list.default\">\n\t\t\t\t<div class=\"elementor-widget-container\">\n\t\t\t\t\t\t\t<ul class=\"elementor-icon-list-items\">\n\t\t\t\t\t\t\t<li class=\"elementor-icon-list-item\">\n\t\t\t\t\t\t\t\t\t\t\t<a href=\"\/wp-content\/uploads\/2026\/01\/produktinfo_032_qualitaet_vetroDurColor_de_2019-08.pdf\" target=\"_blank\">\n\n\t\t\t\t\t\t\t\t\t\t\t\t<span class=\"elementor-icon-list-icon\">\n\t\t\t\t\t\t\t<svg aria-hidden=\"true\" class=\"e-font-icon-svg e-far-file-pdf\" viewBox=\"0 0 384 512\" xmlns=\"http:\/\/www.w3.org\/2000\/svg\"><path d=\"M369.9 97.9L286 14C277 5 264.8-.1 252.1-.1H48C21.5 0 0 21.5 0 48v416c0 26.5 21.5 48 48 48h288c26.5 0 48-21.5 48-48V131.9c0-12.7-5.1-25-14.1-34zM332.1 128H256V51.9l76.1 76.1zM48 464V48h160v104c0 13.3 10.7 24 24 24h104v288H48zm250.2-143.7c-12.2-12-47-8.7-64.4-6.5-17.2-10.5-28.7-25-36.8-46.3 3.9-16.1 10.1-40.6 5.4-56-4.2-26.2-37.8-23.6-42.6-5.9-4.4 16.1-.4 38.5 7 67.1-10 23.9-24.9 56-35.4 74.4-20 10.3-47 26.2-51 46.2-3.3 15.8 26 55.2 76.1-31.2 22.4-7.4 46.8-16.5 68.4-20.1 18.9 10.2 41 17 55.8 17 25.5 0 28-28.2 17.5-38.7zm-198.1 77.8c5.1-13.7 24.5-29.5 30.4-35-19 30.3-30.4 35.7-30.4 35zm81.6-190.6c7.4 0 6.7 32.1 1.8 40.8-4.4-13.9-4.3-40.8-1.8-40.8zm-24.4 136.6c9.7-16.9 18-37 24.7-54.7 8.3 15.1 18.9 27.2 30.1 35.5-20.8 4.3-38.9 13.1-54.8 19.2zm131.6-5s-5 6-37.3-7.8c35.1-2.6 40.9 5.4 37.3 7.8z\"><\/path><\/svg>\t\t\t\t\t\t<\/span>\n\t\t\t\t\t\t\t\t\t\t<span class=\"elementor-icon-list-text\">T\u00e9l\u00e9chargement<\/span>\n\t\t\t\t\t\t\t\t\t\t\t<\/a>\n\t\t\t\t\t\t\t\t\t<\/li>\n\t\t\t\t\t\t<\/ul>\n\t\t\t\t\t\t<\/div>\n\t\t\t\t<\/div>\n\t\t\t\t<\/div>\n\t\t<div class=\"elementor-element elementor-element-508d074 e-con-full e-flex e-con e-child\" data-id=\"508d074\" data-element_type=\"container\" data-e-type=\"container\">\n\t\t\t\t<\/div>\n\t\t\t\t\t<\/div>\n\t\t\t\t<\/div>\n\t\t\t\t<\/section>\n\t\t\t\t\t<\/div>\n\t\t\t\t<\/div>\n\t\t\t\t\t<\/div>\n\t\t\t\t<\/div>\n\t\t<div class=\"elementor-element elementor-element-555bab9 e-flex e-con-boxed e-con e-parent\" data-id=\"555bab9\" data-element_type=\"container\" data-e-type=\"container\">\n\t\t\t\t\t<div class=\"e-con-inner\">\n\t\t\t\t<div class=\"elementor-element elementor-element-b9232d8 elementor-align-center elementor-widget__width-inherit elementor-invisible elementor-widget elementor-widget-button\" data-id=\"b9232d8\" data-element_type=\"widget\" data-e-type=\"widget\" data-settings=\"{&quot;_animation&quot;:&quot;fadeInDown&quot;}\" data-widget_type=\"button.default\">\n\t\t\t\t<div class=\"elementor-widget-container\">\n\t\t\t\t\t\t\t\t\t<div class=\"elementor-button-wrapper\">\n\t\t\t\t\t<a class=\"elementor-button elementor-button-link elementor-size-sm\" href=\"https:\/\/www.flachglas.ch\/fr\/service\/telechargements\/\">\n\t\t\t\t\t\t<span class=\"elementor-button-content-wrapper\">\n\t\t\t\t\t\t\t\t\t<span class=\"elementor-button-text\">Vers l'aper\u00e7u des t\u00e9l\u00e9chargements<\/span>\n\t\t\t\t\t<\/span>\n\t\t\t\t\t<\/a>\n\t\t\t\t<\/div>\n\t\t\t\t\t\t\t\t<\/div>\n\t\t\t\t<\/div>\n\t\t\t\t<div class=\"elementor-element elementor-element-edcb2ac elementor-align-center elementor-widget__width-inherit elementor-invisible elementor-widget elementor-widget-button\" data-id=\"edcb2ac\" data-element_type=\"widget\" data-e-type=\"widget\" data-settings=\"{&quot;_animation&quot;:&quot;fadeInDown&quot;}\" data-widget_type=\"button.default\">\n\t\t\t\t<div class=\"elementor-widget-container\">\n\t\t\t\t\t\t\t\t\t<div class=\"elementor-button-wrapper\">\n\t\t\t\t\t<a class=\"elementor-button elementor-button-link elementor-size-sm\" href=\"#elementor-action%3Aaction%3Dpopup%3Aopen%26settings%3DeyJpZCI6OTU5OCwidG9nZ2xlIjpmYWxzZX0%3D\">\n\t\t\t\t\t\t<span class=\"elementor-button-content-wrapper\">\n\t\t\t\t\t\t\t\t\t<span class=\"elementor-button-text\">Vous avez des questions ?<\/span>\n\t\t\t\t\t<\/span>\n\t\t\t\t\t<\/a>\n\t\t\t\t<\/div>\n\t\t\t\t\t\t\t\t<\/div>\n\t\t\t\t<\/div>\n\t\t\t\t\t<\/div>\n\t\t\t\t<\/div>\n\t\t\t\t<\/div>\n\t\t","protected":false},"excerpt":{"rendered":"<p>Visitez la page de t\u00e9l\u00e9chargement de Flachglas Schweiz pour t\u00e9l\u00e9charger facilement tous les documents importants et les informations techniques sur nos produits en verre et en verre. Vous trouverez ici des brochures sur les produits, des fiches techniques et d&rsquo;autres ressources qui vous aideront \u00e0 choisir la solution optimale pour votre projet.<\/p>\n","protected":false},"author":4,"featured_media":7810,"parent":811,"menu_order":0,"comment_status":"closed","ping_status":"closed","template":"","meta":{"_acf_changed":false,"_searchwp_excluded":"","footnotes":""},"class_list":["post-17307","page","type-page","status-publish","has-post-thumbnail","hentry"],"acf":[],"yoast_head":"<!-- This site is optimized with the Yoast SEO Premium plugin v27.4 (Yoast SEO v27.4) - https:\/\/yoast.com\/product\/yoast-seo-premium-wordpress\/ -->\n<title>T\u00e9l\u00e9chargements vetroDur Color - Flachglas Schweiz<\/title>\n<meta name=\"description\" content=\"D\u00e9couvrez les t\u00e9l\u00e9chargements sp\u00e9cifiques aux produits vetroDur Color. Obtenez des informations et des documents personnalis\u00e9s \u00e0 t\u00e9l\u00e9charger.\" \/>\n<meta name=\"robots\" content=\"index, follow, max-snippet:-1, max-image-preview:large, max-video-preview:-1\" \/>\n<link rel=\"canonical\" href=\"https:\/\/www.flachglas.ch\/fr\/service\/telechargements-vetrodur-color\/\" \/>\n<meta property=\"og:locale\" content=\"fr_FR\" \/>\n<meta property=\"og:type\" content=\"article\" \/>\n<meta property=\"og:title\" content=\"T\u00e9l\u00e9chargements vetroDur Color\" \/>\n<meta property=\"og:description\" content=\"D\u00e9couvrez les t\u00e9l\u00e9chargements sp\u00e9cifiques aux produits vetroDur Color. Obtenez des informations et des documents personnalis\u00e9s \u00e0 t\u00e9l\u00e9charger.\" \/>\n<meta property=\"og:url\" content=\"https:\/\/www.flachglas.ch\/fr\/service\/telechargements-vetrodur-color\/\" \/>\n<meta property=\"og:site_name\" content=\"Flachglas Schweiz\" \/>\n<meta property=\"article:publisher\" content=\"https:\/\/www.facebook.com\/flachglas\" \/>\n<meta property=\"article:modified_time\" content=\"2026-04-18T11:54:13+00:00\" \/>\n<meta property=\"og:image\" content=\"https:\/\/www.flachglas.ch\/wp-content\/uploads\/2024\/03\/flachglas_schweiz_logo_bg-white.jpg\" \/>\n\t<meta property=\"og:image:width\" content=\"1440\" \/>\n\t<meta property=\"og:image:height\" content=\"900\" \/>\n\t<meta property=\"og:image:type\" content=\"image\/jpeg\" \/>\n<meta name=\"twitter:card\" content=\"summary_large_image\" \/>\n<script type=\"application\/ld+json\" class=\"yoast-schema-graph\">{\"@context\":\"https:\\\/\\\/schema.org\",\"@graph\":[{\"@type\":\"WebPage\",\"@id\":\"https:\\\/\\\/www.flachglas.ch\\\/fr\\\/service\\\/telechargements-vetrodur-color\\\/\",\"url\":\"https:\\\/\\\/www.flachglas.ch\\\/fr\\\/service\\\/telechargements-vetrodur-color\\\/\",\"name\":\"T\u00e9l\u00e9chargements vetroDur Color - Flachglas Schweiz\",\"isPartOf\":{\"@id\":\"https:\\\/\\\/www.flachglas.ch\\\/fr\\\/#website\"},\"primaryImageOfPage\":{\"@id\":\"https:\\\/\\\/www.flachglas.ch\\\/fr\\\/service\\\/telechargements-vetrodur-color\\\/#primaryimage\"},\"image\":{\"@id\":\"https:\\\/\\\/www.flachglas.ch\\\/fr\\\/service\\\/telechargements-vetrodur-color\\\/#primaryimage\"},\"thumbnailUrl\":\"https:\\\/\\\/www.flachglas.ch\\\/wp-content\\\/uploads\\\/2024\\\/03\\\/flachglas_schweiz_logo_bg-white.jpg\",\"datePublished\":\"2025-06-05T13:38:27+00:00\",\"dateModified\":\"2026-04-18T11:54:13+00:00\",\"description\":\"D\u00e9couvrez les t\u00e9l\u00e9chargements sp\u00e9cifiques aux produits vetroDur Color. Obtenez des informations et des documents personnalis\u00e9s \u00e0 t\u00e9l\u00e9charger.\",\"breadcrumb\":{\"@id\":\"https:\\\/\\\/www.flachglas.ch\\\/fr\\\/service\\\/telechargements-vetrodur-color\\\/#breadcrumb\"},\"inLanguage\":\"fr-FR\",\"potentialAction\":[{\"@type\":\"ReadAction\",\"target\":[\"https:\\\/\\\/www.flachglas.ch\\\/fr\\\/service\\\/telechargements-vetrodur-color\\\/\"]}]},{\"@type\":\"ImageObject\",\"inLanguage\":\"fr-FR\",\"@id\":\"https:\\\/\\\/www.flachglas.ch\\\/fr\\\/service\\\/telechargements-vetrodur-color\\\/#primaryimage\",\"url\":\"https:\\\/\\\/www.flachglas.ch\\\/wp-content\\\/uploads\\\/2024\\\/03\\\/flachglas_schweiz_logo_bg-white.jpg\",\"contentUrl\":\"https:\\\/\\\/www.flachglas.ch\\\/wp-content\\\/uploads\\\/2024\\\/03\\\/flachglas_schweiz_logo_bg-white.jpg\",\"width\":1440,\"height\":900,\"caption\":\"Le logo pr\u00e9sente l'inscription FLACHGLAS Schweiz sur un fond blanc. FLACHGLAS est bleu, les lettres CH sont rouges et Flachglas Schweiz est rouge.\"},{\"@type\":\"BreadcrumbList\",\"@id\":\"https:\\\/\\\/www.flachglas.ch\\\/fr\\\/service\\\/telechargements-vetrodur-color\\\/#breadcrumb\",\"itemListElement\":[{\"@type\":\"ListItem\",\"position\":1,\"name\":\"Home\",\"item\":\"https:\\\/\\\/www.flachglas.ch\\\/fr\\\/\"},{\"@type\":\"ListItem\",\"position\":2,\"name\":\"Service\",\"item\":\"https:\\\/\\\/www.flachglas.ch\\\/fr\\\/unsere-services\\\/\"},{\"@type\":\"ListItem\",\"position\":3,\"name\":\"T\u00e9l\u00e9chargements vetroDur Color\"}]},{\"@type\":\"WebSite\",\"@id\":\"https:\\\/\\\/www.flachglas.ch\\\/fr\\\/#website\",\"url\":\"https:\\\/\\\/www.flachglas.ch\\\/fr\\\/\",\"name\":\"Flachglas Schweiz\",\"description\":\"Verre est notre passion !\",\"publisher\":{\"@id\":\"https:\\\/\\\/www.flachglas.ch\\\/fr\\\/#organization\"},\"alternateName\":\"Flachglas Wikon & Thun\",\"potentialAction\":[{\"@type\":\"SearchAction\",\"target\":{\"@type\":\"EntryPoint\",\"urlTemplate\":\"https:\\\/\\\/www.flachglas.ch\\\/fr\\\/?s={search_term_string}\"},\"query-input\":{\"@type\":\"PropertyValueSpecification\",\"valueRequired\":true,\"valueName\":\"search_term_string\"}}],\"inLanguage\":\"fr-FR\"},{\"@type\":\"Organization\",\"@id\":\"https:\\\/\\\/www.flachglas.ch\\\/fr\\\/#organization\",\"name\":\"Flachglas (Schweiz) AG\",\"alternateName\":\"Flachglas Schweiz\",\"url\":\"https:\\\/\\\/www.flachglas.ch\\\/fr\\\/\",\"logo\":{\"@type\":\"ImageObject\",\"inLanguage\":\"fr-FR\",\"@id\":\"https:\\\/\\\/www.flachglas.ch\\\/fr\\\/#\\\/schema\\\/logo\\\/image\\\/\",\"url\":\"https:\\\/\\\/www.flachglas.ch\\\/wp-content\\\/uploads\\\/2023\\\/12\\\/favicon.png\",\"contentUrl\":\"https:\\\/\\\/www.flachglas.ch\\\/wp-content\\\/uploads\\\/2023\\\/12\\\/favicon.png\",\"width\":512,\"height\":512,\"caption\":\"Flachglas (Schweiz) AG\"},\"image\":{\"@id\":\"https:\\\/\\\/www.flachglas.ch\\\/fr\\\/#\\\/schema\\\/logo\\\/image\\\/\"},\"sameAs\":[\"https:\\\/\\\/www.facebook.com\\\/flachglas\",\"https:\\\/\\\/www.instagram.com\\\/flachglas.ch\\\/\",\"https:\\\/\\\/www.linkedin.com\\\/company\\\/flachglas-schweiz\\\/\",\"https:\\\/\\\/www.youtube.com\\\/@flachglas-ch\"],\"description\":\"Le verre est notre passion. Gr\u00e2ce \u00e0 des solutions vitr\u00e9es intelligentes, nous apportons de la lumi\u00e8re et de l'\u00e9nergie dans les pi\u00e8ces, offrons de nombreuses possibilit\u00e9s d'am\u00e9nagement et prot\u00e9geons en outre l'homme et l'environnement. Nous fournissons des solutions en verre innovantes depuis Wikon et Thun pour la Suisse.\",\"email\":\"info@flachglas.ch\",\"telephone\":\"+41 62 745 00 30\",\"legalName\":\"Flachglas (Schweiz) AG\",\"foundingDate\":\"1979-07-18\",\"vatID\":\"CHE-102.521.598\",\"numberOfEmployees\":{\"@type\":\"QuantitativeValue\",\"minValue\":\"51\",\"maxValue\":\"200\"}}]}<\/script>\n<!-- \/ Yoast SEO Premium plugin. -->","yoast_head_json":{"title":"T\u00e9l\u00e9chargements vetroDur Color - Flachglas Schweiz","description":"D\u00e9couvrez les t\u00e9l\u00e9chargements sp\u00e9cifiques aux produits vetroDur Color. Obtenez des informations et des documents personnalis\u00e9s \u00e0 t\u00e9l\u00e9charger.","robots":{"index":"index","follow":"follow","max-snippet":"max-snippet:-1","max-image-preview":"max-image-preview:large","max-video-preview":"max-video-preview:-1"},"canonical":"https:\/\/www.flachglas.ch\/fr\/service\/telechargements-vetrodur-color\/","og_locale":"fr_FR","og_type":"article","og_title":"T\u00e9l\u00e9chargements vetroDur Color","og_description":"D\u00e9couvrez les t\u00e9l\u00e9chargements sp\u00e9cifiques aux produits vetroDur Color. Obtenez des informations et des documents personnalis\u00e9s \u00e0 t\u00e9l\u00e9charger.","og_url":"https:\/\/www.flachglas.ch\/fr\/service\/telechargements-vetrodur-color\/","og_site_name":"Flachglas Schweiz","article_publisher":"https:\/\/www.facebook.com\/flachglas","article_modified_time":"2026-04-18T11:54:13+00:00","og_image":[{"width":1440,"height":900,"url":"https:\/\/www.flachglas.ch\/wp-content\/uploads\/2024\/03\/flachglas_schweiz_logo_bg-white.jpg","type":"image\/jpeg"}],"twitter_card":"summary_large_image","schema":{"@context":"https:\/\/schema.org","@graph":[{"@type":"WebPage","@id":"https:\/\/www.flachglas.ch\/fr\/service\/telechargements-vetrodur-color\/","url":"https:\/\/www.flachglas.ch\/fr\/service\/telechargements-vetrodur-color\/","name":"T\u00e9l\u00e9chargements vetroDur Color - Flachglas Schweiz","isPartOf":{"@id":"https:\/\/www.flachglas.ch\/fr\/#website"},"primaryImageOfPage":{"@id":"https:\/\/www.flachglas.ch\/fr\/service\/telechargements-vetrodur-color\/#primaryimage"},"image":{"@id":"https:\/\/www.flachglas.ch\/fr\/service\/telechargements-vetrodur-color\/#primaryimage"},"thumbnailUrl":"https:\/\/www.flachglas.ch\/wp-content\/uploads\/2024\/03\/flachglas_schweiz_logo_bg-white.jpg","datePublished":"2025-06-05T13:38:27+00:00","dateModified":"2026-04-18T11:54:13+00:00","description":"D\u00e9couvrez les t\u00e9l\u00e9chargements sp\u00e9cifiques aux produits vetroDur Color. Obtenez des informations et des documents personnalis\u00e9s \u00e0 t\u00e9l\u00e9charger.","breadcrumb":{"@id":"https:\/\/www.flachglas.ch\/fr\/service\/telechargements-vetrodur-color\/#breadcrumb"},"inLanguage":"fr-FR","potentialAction":[{"@type":"ReadAction","target":["https:\/\/www.flachglas.ch\/fr\/service\/telechargements-vetrodur-color\/"]}]},{"@type":"ImageObject","inLanguage":"fr-FR","@id":"https:\/\/www.flachglas.ch\/fr\/service\/telechargements-vetrodur-color\/#primaryimage","url":"https:\/\/www.flachglas.ch\/wp-content\/uploads\/2024\/03\/flachglas_schweiz_logo_bg-white.jpg","contentUrl":"https:\/\/www.flachglas.ch\/wp-content\/uploads\/2024\/03\/flachglas_schweiz_logo_bg-white.jpg","width":1440,"height":900,"caption":"Le logo pr\u00e9sente l'inscription FLACHGLAS Schweiz sur un fond blanc. FLACHGLAS est bleu, les lettres CH sont rouges et Flachglas Schweiz est rouge."},{"@type":"BreadcrumbList","@id":"https:\/\/www.flachglas.ch\/fr\/service\/telechargements-vetrodur-color\/#breadcrumb","itemListElement":[{"@type":"ListItem","position":1,"name":"Home","item":"https:\/\/www.flachglas.ch\/fr\/"},{"@type":"ListItem","position":2,"name":"Service","item":"https:\/\/www.flachglas.ch\/fr\/unsere-services\/"},{"@type":"ListItem","position":3,"name":"T\u00e9l\u00e9chargements vetroDur Color"}]},{"@type":"WebSite","@id":"https:\/\/www.flachglas.ch\/fr\/#website","url":"https:\/\/www.flachglas.ch\/fr\/","name":"Flachglas Schweiz","description":"Verre est notre passion !","publisher":{"@id":"https:\/\/www.flachglas.ch\/fr\/#organization"},"alternateName":"Flachglas Wikon & Thun","potentialAction":[{"@type":"SearchAction","target":{"@type":"EntryPoint","urlTemplate":"https:\/\/www.flachglas.ch\/fr\/?s={search_term_string}"},"query-input":{"@type":"PropertyValueSpecification","valueRequired":true,"valueName":"search_term_string"}}],"inLanguage":"fr-FR"},{"@type":"Organization","@id":"https:\/\/www.flachglas.ch\/fr\/#organization","name":"Flachglas (Schweiz) AG","alternateName":"Flachglas Schweiz","url":"https:\/\/www.flachglas.ch\/fr\/","logo":{"@type":"ImageObject","inLanguage":"fr-FR","@id":"https:\/\/www.flachglas.ch\/fr\/#\/schema\/logo\/image\/","url":"https:\/\/www.flachglas.ch\/wp-content\/uploads\/2023\/12\/favicon.png","contentUrl":"https:\/\/www.flachglas.ch\/wp-content\/uploads\/2023\/12\/favicon.png","width":512,"height":512,"caption":"Flachglas (Schweiz) AG"},"image":{"@id":"https:\/\/www.flachglas.ch\/fr\/#\/schema\/logo\/image\/"},"sameAs":["https:\/\/www.facebook.com\/flachglas","https:\/\/www.instagram.com\/flachglas.ch\/","https:\/\/www.linkedin.com\/company\/flachglas-schweiz\/","https:\/\/www.youtube.com\/@flachglas-ch"],"description":"Le verre est notre passion. Gr\u00e2ce \u00e0 des solutions vitr\u00e9es intelligentes, nous apportons de la lumi\u00e8re et de l'\u00e9nergie dans les pi\u00e8ces, offrons de nombreuses possibilit\u00e9s d'am\u00e9nagement et prot\u00e9geons en outre l'homme et l'environnement. Nous fournissons des solutions en verre innovantes depuis Wikon et Thun pour la Suisse.","email":"info@flachglas.ch","telephone":"+41 62 745 00 30","legalName":"Flachglas (Schweiz) AG","foundingDate":"1979-07-18","vatID":"CHE-102.521.598","numberOfEmployees":{"@type":"QuantitativeValue","minValue":"51","maxValue":"200"}}]}},"_links":{"self":[{"href":"https:\/\/www.flachglas.ch\/fr\/wp-json\/wp\/v2\/pages\/17307","targetHints":{"allow":["GET"]}}],"collection":[{"href":"https:\/\/www.flachglas.ch\/fr\/wp-json\/wp\/v2\/pages"}],"about":[{"href":"https:\/\/www.flachglas.ch\/fr\/wp-json\/wp\/v2\/types\/page"}],"author":[{"embeddable":true,"href":"https:\/\/www.flachglas.ch\/fr\/wp-json\/wp\/v2\/users\/4"}],"replies":[{"embeddable":true,"href":"https:\/\/www.flachglas.ch\/fr\/wp-json\/wp\/v2\/comments?post=17307"}],"version-history":[{"count":11,"href":"https:\/\/www.flachglas.ch\/fr\/wp-json\/wp\/v2\/pages\/17307\/revisions"}],"predecessor-version":[{"id":26231,"href":"https:\/\/www.flachglas.ch\/fr\/wp-json\/wp\/v2\/pages\/17307\/revisions\/26231"}],"up":[{"embeddable":true,"href":"https:\/\/www.flachglas.ch\/fr\/wp-json\/wp\/v2\/pages\/811"}],"wp:featuredmedia":[{"embeddable":true,"href":"https:\/\/www.flachglas.ch\/fr\/wp-json\/wp\/v2\/media\/7810"}],"wp:attachment":[{"href":"https:\/\/www.flachglas.ch\/fr\/wp-json\/wp\/v2\/media?parent=17307"}],"curies":[{"name":"wp","href":"https:\/\/api.w.org\/{rel}","templated":true}]}}